{"id":526,"date":"2017-05-17T03:55:40","date_gmt":"2017-05-17T07:55:40","guid":{"rendered":"http:\/\/photorenova.com\/site\/?page_id=526"},"modified":"2017-05-17T04:04:54","modified_gmt":"2017-05-17T08:04:54","slug":"como-digitalizar-una-foto","status":"publish","type":"page","link":"https:\/\/photorenova.com\/site\/como-digitalizar-una-foto\/","title":{"rendered":"Como Digitalizar una Foto"},"content":{"rendered":"<p>[et_pb_section bb_built=&#8221;1&#8243; admin_label=&#8221;Section&#8221; fullwidth=&#8221;on&#8221; specialty=&#8221;off&#8221;][et_pb_fullwidth_header admin_label=&#8221;Fullwidth Header&#8221; title=&#8221;Como Digitalizar&#8221; subhead=&#8221;Los mejores consejos para un fant\u00e1stico trabajo final&#8221; background_layout=&#8221;dark&#8221; text_orientation=&#8221;left&#8221; header_fullscreen=&#8221;off&#8221; header_scroll_down=&#8221;off&#8221; background_url=&#8221;http:\/\/photorenova.com\/site\/wp-content\/uploads\/FLATBED_001.jpg&#8221; parallax=&#8221;off&#8221; parallax_method=&#8221;off&#8221; content_orientation=&#8221;center&#8221; image_orientation=&#8221;center&#8221; custom_button_one=&#8221;off&#8221; button_one_letter_spacing=&#8221;0&#8243; button_one_use_icon=&#8221;default&#8221; button_one_icon_placement=&#8221;right&#8221; button_one_on_hover=&#8221;on&#8221; button_one_letter_spacing_hover=&#8221;0&#8243; custom_button_two=&#8221;off&#8221; button_two_letter_spacing=&#8221;0&#8243; button_two_use_icon=&#8221;default&#8221; button_two_icon_placement=&#8221;right&#8221; button_two_on_hover=&#8221;on&#8221; button_two_letter_spacing_hover=&#8221;0&#8243; \/][\/et_pb_section][et_pb_section bb_built=&#8221;1&#8243; admin_label=&#8221;section&#8221;][et_pb_row admin_label=&#8221;row&#8221;][et_pb_column type=&#8221;1_2&#8243;][et_pb_blurb admin_label=&#8221;Blurb&#8221; title=&#8221;Sugerencias para escanear y enviar im\u00e1genes&#8221; url_new_window=&#8221;off&#8221; use_icon=&#8221;off&#8221; icon_color=&#8221;#c11946&#8243; use_circle=&#8221;off&#8221; circle_color=&#8221;#c11946&#8243; use_circle_border=&#8221;off&#8221; circle_border_color=&#8221;#c11946&#8243; image=&#8221;http:\/\/photorenova.com\/site\/wp-content\/uploads\/Photography-icon.png&#8221; icon_placement=&#8221;left&#8221; animation=&#8221;top&#8221; background_layout=&#8221;light&#8221; text_orientation=&#8221;left&#8221; use_icon_font_size=&#8221;off&#8221; use_border_color=&#8221;off&#8221; border_color=&#8221;#ffffff&#8221; border_style=&#8221;solid&#8221; \/][et_pb_text admin_label=&#8221;Text&#8221; background_layout=&#8221;light&#8221; text_orientation=&#8221;left&#8221; use_border_color=&#8221;off&#8221; border_color=&#8221;#ffffff&#8221; border_style=&#8221;solid&#8221;]<\/p>\n<ul>\n<li>Verifique que sus fotos est\u00e9n limpias de polvo, pase un pa\u00f1o suave seco, o una brocha suave.<\/li>\n<li>Limpie el vidrio del Scanner, aplicando primero el producto, sobre un pa\u00f1o suave libre de pelusa, nunca directamente sobre el equipo.<\/li>\n<li>Descarte el uso las herramientas de correcci\u00f3n de color o foco que ofrecen algunos esc\u00e1ner<\/li>\n<li>El tama\u00f1o de la imagen no debe ser inferior a 1600\u00d71200 p\u00edxeles a una resoluci\u00f3n entre 300 y 600 dpi.<\/li>\n<li>Guarde y env\u00ede su foto en formato JPG con un nivel de calidad alto. El tama\u00f1o del archivo JPG no debe ser inferior a 1 MB.<\/li>\n<\/ul>\n<p>[\/et_pb_text][\/et_pb_column][et_pb_column type=&#8221;1_2&#8243;][et_pb_blurb admin_label=&#8221;Blurb&#8221; title=&#8221;Videos para una mejor comprensi\u00f3n&#8221; url_new_window=&#8221;off&#8221; use_icon=&#8221;on&#8221; icon_color=&#8221;#b81c67&#8243; use_circle=&#8221;off&#8221; circle_color=&#8221;#c11946&#8243; use_circle_border=&#8221;off&#8221; circle_border_color=&#8221;#c11946&#8243; icon_placement=&#8221;left&#8221; animation=&#8221;top&#8221; background_layout=&#8221;light&#8221; text_orientation=&#8221;left&#8221; use_icon_font_size=&#8221;off&#8221; use_border_color=&#8221;off&#8221; border_color=&#8221;#ffffff&#8221; border_style=&#8221;solid&#8221; font_icon=&#8221;%%353%%&#8221; \/][et_pb_video_slider admin_label=&#8221;Video Slider&#8221; show_image_overlay=&#8221;hide&#8221; show_arrows=&#8221;on&#8221; show_thumbnails=&#8221;on&#8221; controls_color=&#8221;light&#8221;]<\/p>\n<p>[et_pb_video_slider_item admin_title=&#8221;Consejos para escanear fotos&#8221; src=&#8221;http:\/\/www.youtube.com\/watch?v=gQj1pfaOtNU&#8221; background_layout=&#8221;dark&#8221; \/][et_pb_video_slider_item admin_title=&#8221;Los 5 errores principales a evitar al escanear sus fotos al formato digital&#8221; src=&#8221;http:\/\/www.youtube.com\/watch?v=OddkTaSnyaE&#8221; background_layout=&#8221;dark&#8221; \/][et_pb_video_slider_item admin_title=&#8221;Uso Correcto del Scanner&#8221; src=&#8221;http:\/\/www.youtube.com\/watch?v=vzN47EqhnBQ&#8221; background_layout=&#8221;dark&#8221; \/]<\/p>\n<p>[\/et_pb_video_slider][\/et_pb_column][\/et_pb_row][et_pb_row admin_label=&#8221;Row&#8221;][et_pb_column type=&#8221;4_4&#8243;][et_pb_button admin_label=&#8221;Button&#8221; button_url=&#8221;http:\/\/photorenova.com\/site\/index.php\/comprar-ahora\/&#8221; url_new_window=&#8221;off&#8221; button_text=&#8221;Regresar a Comprar Ahora&#8221; button_alignment=&#8221;center&#8221; background_layout=&#8221;light&#8221; custom_button=&#8221;off&#8221; button_letter_spacing=&#8221;0&#8243; button_use_icon=&#8221;default&#8221; button_icon_placement=&#8221;right&#8221; button_on_hover=&#8221;on&#8221; button_letter_spacing_hover=&#8221;0&#8243; \/][\/et_pb_column][\/et_pb_row][\/et_pb_section]<\/p>\n","protected":false},"excerpt":{"rendered":"<p>Verifique que sus fotos est\u00e9n limpias de polvo, pase un pa\u00f1o suave seco, o una brocha suave. Limpie el vidrio del Scanner, aplicando primero el producto, sobre un pa\u00f1o suave libre de pelusa, nunca directamente sobre el equipo. Descarte el uso las herramientas de correcci\u00f3n de color o foco que ofrecen algunos esc\u00e1ner El tama\u00f1o [&hellip;]<\/p>\n","protected":false},"author":1,"featured_media":0,"parent":0,"menu_order":0,"comment_status":"closed","ping_status":"closed","template":"","meta":{"_et_pb_use_builder":"on","_et_pb_old_content":"","_et_gb_content_width":"","_lmt_disableupdate":"","_lmt_disable":"","footnotes":""},"yoast_head":"<!-- This site is optimized with the Yoast SEO plugin v23.5 - https:\/\/yoast.com\/wordpress\/plugins\/seo\/ -->\r\n<title>Como Digitalizar una Foto - Photorenova<\/title>\r\n<meta name=\"robots\" content=\"index, follow, max-snippet:-1, max-image-preview:large, max-video-preview:-1\" \/>\r\n<link rel=\"canonical\" href=\"https:\/\/photorenova.com\/site\/como-digitalizar-una-foto\/\" \/>\r\n<meta property=\"og:locale\" content=\"en_US\" \/>\r\n<meta property=\"og:type\" content=\"article\" \/>\r\n<meta property=\"og:title\" content=\"Como Digitalizar una Foto - Photorenova\" \/>\r\n<meta property=\"og:description\" content=\"Verifique que sus fotos est\u00e9n limpias de polvo, pase un pa\u00f1o suave seco, o una brocha suave. Limpie el vidrio del Scanner, aplicando primero el producto, sobre un pa\u00f1o suave libre de pelusa, nunca directamente sobre el equipo. Descarte el uso las herramientas de correcci\u00f3n de color o foco que ofrecen algunos esc\u00e1ner El tama\u00f1o [&hellip;]\" \/>\r\n<meta property=\"og:url\" content=\"https:\/\/photorenova.com\/site\/como-digitalizar-una-foto\/\" \/>\r\n<meta property=\"og:site_name\" content=\"Photorenova\" \/>\r\n<meta property=\"article:modified_time\" content=\"2017-05-17T08:04:54+00:00\" \/>\r\n<meta name=\"twitter:card\" content=\"summary_large_image\" \/>\r\n<meta name=\"twitter:label1\" content=\"Est. reading time\" \/>\n\t<meta name=\"twitter:data1\" content=\"3 minutes\" \/>\r\n<script type=\"application\/ld+json\" class=\"yoast-schema-graph\">{\"@context\":\"https:\/\/schema.org\",\"@graph\":[{\"@type\":\"WebPage\",\"@id\":\"https:\/\/photorenova.com\/site\/como-digitalizar-una-foto\/\",\"url\":\"https:\/\/photorenova.com\/site\/como-digitalizar-una-foto\/\",\"name\":\"Como Digitalizar una Foto - Photorenova\",\"isPartOf\":{\"@id\":\"https:\/\/photorenova.com\/site\/#website\"},\"datePublished\":\"2017-05-17T07:55:40+00:00\",\"dateModified\":\"2017-05-17T08:04:54+00:00\",\"breadcrumb\":{\"@id\":\"https:\/\/photorenova.com\/site\/como-digitalizar-una-foto\/#breadcrumb\"},\"inLanguage\":\"en-US\",\"potentialAction\":[{\"@type\":\"ReadAction\",\"target\":[\"https:\/\/photorenova.com\/site\/como-digitalizar-una-foto\/\"]}]},{\"@type\":\"BreadcrumbList\",\"@id\":\"https:\/\/photorenova.com\/site\/como-digitalizar-una-foto\/#breadcrumb\",\"itemListElement\":[{\"@type\":\"ListItem\",\"position\":1,\"name\":\"Home\",\"item\":\"https:\/\/photorenova.com\/site\/landing-page-home\/\"},{\"@type\":\"ListItem\",\"position\":2,\"name\":\"Como Digitalizar una Foto\"}]},{\"@type\":\"WebSite\",\"@id\":\"https:\/\/photorenova.com\/site\/#website\",\"url\":\"https:\/\/photorenova.com\/site\/\",\"name\":\"Photorenova\",\"description\":\"Your best photo editing service\",\"potentialAction\":[{\"@type\":\"SearchAction\",\"target\":{\"@type\":\"EntryPoint\",\"urlTemplate\":\"https:\/\/photorenova.com\/site\/?s={search_term_string}\"},\"query-input\":{\"@type\":\"PropertyValueSpecification\",\"valueRequired\":true,\"valueName\":\"search_term_string\"}}],\"inLanguage\":\"en-US\"}]}<\/script>\r\n<!-- \/ Yoast SEO plugin. -->","yoast_head_json":{"title":"Como Digitalizar una Foto - Photorenova","robots":{"index":"index","follow":"follow","max-snippet":"max-snippet:-1","max-image-preview":"max-image-preview:large","max-video-preview":"max-video-preview:-1"},"canonical":"https:\/\/photorenova.com\/site\/como-digitalizar-una-foto\/","og_locale":"en_US","og_type":"article","og_title":"Como Digitalizar una Foto - Photorenova","og_description":"Verifique que sus fotos est\u00e9n limpias de polvo, pase un pa\u00f1o suave seco, o una brocha suave. Limpie el vidrio del Scanner, aplicando primero el producto, sobre un pa\u00f1o suave libre de pelusa, nunca directamente sobre el equipo. Descarte el uso las herramientas de correcci\u00f3n de color o foco que ofrecen algunos esc\u00e1ner El tama\u00f1o [&hellip;]","og_url":"https:\/\/photorenova.com\/site\/como-digitalizar-una-foto\/","og_site_name":"Photorenova","article_modified_time":"2017-05-17T08:04:54+00:00","twitter_card":"summary_large_image","twitter_misc":{"Est. reading time":"3 minutes"},"schema":{"@context":"https:\/\/schema.org","@graph":[{"@type":"WebPage","@id":"https:\/\/photorenova.com\/site\/como-digitalizar-una-foto\/","url":"https:\/\/photorenova.com\/site\/como-digitalizar-una-foto\/","name":"Como Digitalizar una Foto - Photorenova","isPartOf":{"@id":"https:\/\/photorenova.com\/site\/#website"},"datePublished":"2017-05-17T07:55:40+00:00","dateModified":"2017-05-17T08:04:54+00:00","breadcrumb":{"@id":"https:\/\/photorenova.com\/site\/como-digitalizar-una-foto\/#breadcrumb"},"inLanguage":"en-US","potentialAction":[{"@type":"ReadAction","target":["https:\/\/photorenova.com\/site\/como-digitalizar-una-foto\/"]}]},{"@type":"BreadcrumbList","@id":"https:\/\/photorenova.com\/site\/como-digitalizar-una-foto\/#breadcrumb","itemListElement":[{"@type":"ListItem","position":1,"name":"Home","item":"https:\/\/photorenova.com\/site\/landing-page-home\/"},{"@type":"ListItem","position":2,"name":"Como Digitalizar una Foto"}]},{"@type":"WebSite","@id":"https:\/\/photorenova.com\/site\/#website","url":"https:\/\/photorenova.com\/site\/","name":"Photorenova","description":"Your best photo editing service","potentialAction":[{"@type":"SearchAction","target":{"@type":"EntryPoint","urlTemplate":"https:\/\/photorenova.com\/site\/?s={search_term_string}"},"query-input":{"@type":"PropertyValueSpecification","valueRequired":true,"valueName":"search_term_string"}}],"inLanguage":"en-US"}]}},"_links":{"self":[{"href":"https:\/\/photorenova.com\/site\/wp-json\/wp\/v2\/pages\/526"}],"collection":[{"href":"https:\/\/photorenova.com\/site\/wp-json\/wp\/v2\/pages"}],"about":[{"href":"https:\/\/photorenova.com\/site\/wp-json\/wp\/v2\/types\/page"}],"author":[{"embeddable":true,"href":"https:\/\/photorenova.com\/site\/wp-json\/wp\/v2\/users\/1"}],"replies":[{"embeddable":true,"href":"https:\/\/photorenova.com\/site\/wp-json\/wp\/v2\/comments?post=526"}],"version-history":[{"count":0,"href":"https:\/\/photorenova.com\/site\/wp-json\/wp\/v2\/pages\/526\/revisions"}],"wp:attachment":[{"href":"https:\/\/photorenova.com\/site\/wp-json\/wp\/v2\/media?parent=526"}],"curies":[{"name":"wp","href":"https:\/\/api.w.org\/{rel}","templated":true}]}}