{"id":56,"date":"2017-03-18T13:29:19","date_gmt":"2017-03-18T17:29:19","guid":{"rendered":"http:\/\/photorenova.com\/site\/?page_id=56"},"modified":"2021-05-14T12:46:39","modified_gmt":"2021-05-14T16:46:39","slug":"comprar-ahora","status":"publish","type":"page","link":"https:\/\/photorenova.com\/site\/comprar-ahora\/","title":{"rendered":"Comprar Ahora"},"content":{"rendered":"<p>[et_pb_section fb_built=&#8221;1&#8243; fullwidth=&#8221;on&#8221; admin_label=&#8221;Section&#8221; _builder_version=&#8221;3.22&#8243;][et_pb_fullwidth_header title=&#8221;Haz tu solicitud Ahora&#8221; subhead=&#8221;En 5 pasos, Haz tu solicitud y consigue que tus fotos se vean fant\u00e1sticas&#8221; background_overlay_color=&#8221;rgba(184,28,103,0.66)&#8221; content_max_width=&#8221;none&#8221; admin_label=&#8221;Fullwidth Header&#8221; _builder_version=&#8221;3.16&#8243; background_color=&#8221;rgba(255, 255, 255, 0)&#8221; background_image=&#8221;http:\/\/photorenova.com\/site\/wp-content\/uploads\/small-gift-business.jpg&#8221; background_url=&#8221;http:\/\/photorenova.com\/site\/wp-content\/uploads\/small-gift-business.jpg&#8221; button_one_letter_spacing_hover=&#8221;0&#8243; button_two_letter_spacing_hover=&#8221;0&#8243; button_one_text_size__hover_enabled=&#8221;off&#8221; button_two_text_size__hover_enabled=&#8221;off&#8221; button_one_text_color__hover_enabled=&#8221;off&#8221; button_two_text_color__hover_enabled=&#8221;off&#8221; button_one_border_width__hover_enabled=&#8221;off&#8221; button_two_border_width__hover_enabled=&#8221;off&#8221; button_one_border_color__hover_enabled=&#8221;off&#8221; button_two_border_color__hover_enabled=&#8221;off&#8221; button_one_border_radius__hover_enabled=&#8221;off&#8221; button_two_border_radius__hover_enabled=&#8221;off&#8221; button_one_letter_spacing__hover_enabled=&#8221;on&#8221; button_one_letter_spacing__hover=&#8221;0&#8243; button_two_letter_spacing__hover_enabled=&#8221;on&#8221; button_two_letter_spacing__hover=&#8221;0&#8243; button_one_bg_color__hover_enabled=&#8221;off&#8221; button_two_bg_color__hover_enabled=&#8221;off&#8221;][\/et_pb_fullwidth_header][\/et_pb_section][et_pb_section fb_built=&#8221;1&#8243; admin_label=&#8221;section&#8221; _builder_version=&#8221;3.22&#8243;][et_pb_row admin_label=&#8221;row&#8221; _builder_version=&#8221;3.25&#8243; background_size=&#8221;initial&#8221; background_position=&#8221;top_left&#8221; background_repeat=&#8221;repeat&#8221; column_structure=&#8221;1_4,3_4&#8243;][et_pb_column type=&#8221;1_4&#8243; _builder_version=&#8221;3.25&#8243; custom_padding=&#8221;|||&#8221; custom_padding__hover=&#8221;|||&#8221;][et_pb_number_counter title=&#8221;Presupuesto&#8221; number=&#8221;1&#8243; percent_sign=&#8221;off&#8221; admin_label=&#8221;Number Counter&#8221; _builder_version=&#8221;3.0.87&#8243; background_size=&#8221;initial&#8221; background_position=&#8221;top_left&#8221; background_repeat=&#8221;repeat&#8221; border_width_all=&#8221;0px&#8221; border_color_all=&#8221;#ffffff&#8221; border_style_all=&#8221;solid&#8221; use_border_color=&#8221;on&#8221; border_color=&#8221;#ffffff&#8221; border_style=&#8221;solid&#8221;][\/et_pb_number_counter][\/et_pb_column][et_pb_column type=&#8221;3_4&#8243; _builder_version=&#8221;3.25&#8243; custom_padding=&#8221;|||&#8221; custom_padding__hover=&#8221;|||&#8221;][et_pb_blurb title=&#8221;Llena la solicitud de presupuesto y env\u00eda tus fotos&#8221; url=&#8221;http:\/\/photorenova.com\/site\/index.php\/presupuesto\/&#8221; image_max_width=&#8221;none&#8221; admin_label=&#8221;Blurb&#8221; _builder_version=&#8221;3.0.87&#8243; background_size=&#8221;initial&#8221; background_position=&#8221;top_left&#8221; background_repeat=&#8221;repeat&#8221; use_border_color=&#8221;off&#8221; border_color=&#8221;#ffffff&#8221; border_style=&#8221;solid&#8221;]<\/p>\n<ul>\n<li>Si tienes dudas de c\u00f3mo utilizar un scanner \u00a0para subir tus fotos por favor haz<strong>\u00a0<a href=\"http:\/\/photorenova.com\/site\/index.php\/como-digitalizar-una-foto\/\">click aqui<\/a><\/strong><\/li>\n<li>Si todav\u00eda no has completado la solicitud de presupuesto, por favor haz\u00a0<a href=\"http:\/\/photorenova.com\/site\/index.php\/presupuesto\/\"><strong>click aqui<\/strong><\/a><\/li>\n<li>Por favor detalla cu\u00e1les son las modificaciones que deseas, con gusto te asesoramos con algunas ideas<strong><\/strong><\/li>\n<\/ul>\n<p>[\/et_pb_blurb][\/et_pb_column][\/et_pb_row][et_pb_row admin_label=&#8221;row&#8221; _builder_version=&#8221;3.25&#8243; background_size=&#8221;initial&#8221; background_position=&#8221;top_left&#8221; background_repeat=&#8221;repeat&#8221; column_structure=&#8221;1_4,3_4&#8243;][et_pb_column type=&#8221;1_4&#8243; _builder_version=&#8221;3.25&#8243; custom_padding=&#8221;|||&#8221; custom_padding__hover=&#8221;|||&#8221;][et_pb_number_counter title=&#8221;Aprobaci\u00f3n&#8221; number=&#8221;2&#8243; percent_sign=&#8221;off&#8221; admin_label=&#8221;Number Counter&#8221; _builder_version=&#8221;3.0.87&#8243; background_size=&#8221;initial&#8221; background_position=&#8221;top_left&#8221; background_repeat=&#8221;repeat&#8221; use_border_color=&#8221;off&#8221; border_color=&#8221;#ffffff&#8221; border_style=&#8221;solid&#8221;][\/et_pb_number_counter][\/et_pb_column][et_pb_column type=&#8221;3_4&#8243; _builder_version=&#8221;3.25&#8243; custom_padding=&#8221;|||&#8221; custom_padding__hover=&#8221;|||&#8221;][et_pb_blurb title=&#8221;Acepta el presupuesto&#8221; url=&#8221;mailto:%20info@photorenova.com&#8221; image_max_width=&#8221;none&#8221; admin_label=&#8221;Blurb&#8221; _builder_version=&#8221;3.0.87&#8243; background_size=&#8221;initial&#8221; background_position=&#8221;top_left&#8221; background_repeat=&#8221;repeat&#8221; use_border_color=&#8221;off&#8221; border_color=&#8221;#ffffff&#8221; border_style=&#8221;solid&#8221;]<\/p>\n<ul>\n<li>Te enviamos un presupuesto por correo electr\u00f3nico, sin compromiso<\/li>\n<li>Responde el correo electr\u00f3nico con tu aceptaci\u00f3n para continuar con el trabajo<\/li>\n<li>Realiza la transferencia por el 50% del monto del presupuesto<\/li>\n<\/ul>\n<p>[\/et_pb_blurb][\/et_pb_column][\/et_pb_row][et_pb_row admin_label=&#8221;row&#8221; _builder_version=&#8221;3.25&#8243; background_size=&#8221;initial&#8221; background_position=&#8221;top_left&#8221; background_repeat=&#8221;repeat&#8221; column_structure=&#8221;1_4,3_4&#8243;][et_pb_column type=&#8221;1_4&#8243; _builder_version=&#8221;3.25&#8243; custom_padding=&#8221;|||&#8221; custom_padding__hover=&#8221;|||&#8221;][et_pb_number_counter title=&#8221;Revisi\u00f3n&#8221; number=&#8221;3&#8243; percent_sign=&#8221;off&#8221; admin_label=&#8221;Number Counter&#8221; _builder_version=&#8221;3.0.87&#8243; background_size=&#8221;initial&#8221; background_position=&#8221;top_left&#8221; background_repeat=&#8221;repeat&#8221; use_border_color=&#8221;off&#8221; border_color=&#8221;#ffffff&#8221; border_style=&#8221;solid&#8221;][\/et_pb_number_counter][\/et_pb_column][et_pb_column type=&#8221;3_4&#8243; _builder_version=&#8221;3.25&#8243; custom_padding=&#8221;|||&#8221; custom_padding__hover=&#8221;|||&#8221;][et_pb_blurb title=&#8221;Recibir\u00e1s las fotos editadas en modo de prueba&#8221; image_max_width=&#8221;none&#8221; admin_label=&#8221;Blurb&#8221; _builder_version=&#8221;3.0.87&#8243; background_size=&#8221;initial&#8221; background_position=&#8221;top_left&#8221; background_repeat=&#8221;repeat&#8221; use_border_color=&#8221;off&#8221; border_color=&#8221;#ffffff&#8221; border_style=&#8221;solid&#8221;]<\/p>\n<ul>\n<li>Revisa, disfruta de las modificaciones\u00a0<\/li>\n<li>Si tienes alguna observaci\u00f3n, con gusto la atenderemos<\/li>\n<\/ul>\n<p>[\/et_pb_blurb][\/et_pb_column][\/et_pb_row][et_pb_row admin_label=&#8221;row&#8221; _builder_version=&#8221;3.25&#8243; background_size=&#8221;initial&#8221; background_position=&#8221;top_left&#8221; background_repeat=&#8221;repeat&#8221; column_structure=&#8221;1_4,3_4&#8243;][et_pb_column type=&#8221;1_4&#8243; _builder_version=&#8221;3.25&#8243; custom_padding=&#8221;|||&#8221; custom_padding__hover=&#8221;|||&#8221;][et_pb_number_counter title=&#8221;Pago&#8221; number=&#8221;4&#8243; percent_sign=&#8221;off&#8221; admin_label=&#8221;Number Counter&#8221; _builder_version=&#8221;3.0.87&#8243; background_size=&#8221;initial&#8221; background_position=&#8221;top_left&#8221; background_repeat=&#8221;repeat&#8221; use_border_color=&#8221;off&#8221; border_color=&#8221;#ffffff&#8221; border_style=&#8221;solid&#8221;][\/et_pb_number_counter][\/et_pb_column][et_pb_column type=&#8221;3_4&#8243; _builder_version=&#8221;3.25&#8243; custom_padding=&#8221;|||&#8221; custom_padding__hover=&#8221;|||&#8221;][et_pb_blurb title=&#8221;Si todo est\u00e1 OK, Entonces env\u00eda el pago restante&#8221; image_max_width=&#8221;none&#8221; admin_label=&#8221;Blurb&#8221; _builder_version=&#8221;3.0.87&#8243; background_size=&#8221;initial&#8221; background_position=&#8221;top_left&#8221; background_repeat=&#8221;repeat&#8221; use_border_color=&#8221;off&#8221; border_color=&#8221;#ffffff&#8221; border_style=&#8221;solid&#8221;]<\/p>\n<ul>\n<li>Aceptamos el pago mediante PayPal, Zelle, o transferencia Bancaria<\/li>\n<li>Recibir\u00e1s un correo electr\u00f3nico con el v\u00ednculo para hacer tu pago.<\/li>\n<\/ul>\n<p>[\/et_pb_blurb][\/et_pb_column][\/et_pb_row][et_pb_row admin_label=&#8221;row&#8221; _builder_version=&#8221;3.25&#8243; background_size=&#8221;initial&#8221; background_position=&#8221;top_left&#8221; background_repeat=&#8221;repeat&#8221; column_structure=&#8221;1_4,3_4&#8243;][et_pb_column type=&#8221;1_4&#8243; _builder_version=&#8221;3.25&#8243; custom_padding=&#8221;|||&#8221; custom_padding__hover=&#8221;|||&#8221;][et_pb_number_counter title=&#8221;Env\u00edo de Archivos&#8221; number=&#8221;5&#8243; percent_sign=&#8221;off&#8221; admin_label=&#8221;Number Counter&#8221; _builder_version=&#8221;3.0.87&#8243; background_size=&#8221;initial&#8221; background_position=&#8221;top_left&#8221; background_repeat=&#8221;repeat&#8221; use_border_color=&#8221;off&#8221; border_color=&#8221;#ffffff&#8221; border_style=&#8221;solid&#8221;][\/et_pb_number_counter][\/et_pb_column][et_pb_column type=&#8221;3_4&#8243; _builder_version=&#8221;3.25&#8243; custom_padding=&#8221;|||&#8221; custom_padding__hover=&#8221;|||&#8221;][et_pb_blurb title=&#8221;Recibir\u00e1s las fotos editadas, listas para su impresi\u00f3n&#8221; image_max_width=&#8221;none&#8221; admin_label=&#8221;Blurb&#8221; _builder_version=&#8221;3.0.87&#8243; background_size=&#8221;initial&#8221; background_position=&#8221;top_left&#8221; background_repeat=&#8221;repeat&#8221; use_border_color=&#8221;off&#8221; border_color=&#8221;#ffffff&#8221; border_style=&#8221;solid&#8221;]<\/p>\n<ul>\n<li>\u00a1Disfruta y comparte!<\/li>\n<li>Y si te gust\u00f3 nuestro trabajo d\u00edselo a tus amigos<\/li>\n<\/ul>\n<p>[\/et_pb_blurb][\/et_pb_column][\/et_pb_row][\/et_pb_section]<\/p>\n","protected":false},"excerpt":{"rendered":"<p>Si tienes dudas de c\u00f3mo utilizar un scanner \u00a0para subir tus fotos por favor haz\u00a0click aqui Si todav\u00eda no has completado la solicitud de presupuesto, por favor haz\u00a0click aqui Por favor detalla cu\u00e1les son las modificaciones que deseas, con gusto te asesoramos con algunas ideas Te enviamos un presupuesto por correo electr\u00f3nico, sin compromiso Responde [&hellip;]<\/p>\n","protected":false},"author":1,"featured_media":0,"parent":0,"menu_order":0,"comment_status":"closed","ping_status":"closed","template":"","meta":{"_et_pb_use_builder":"on","_et_pb_old_content":"","_et_gb_content_width":"","_lmt_disableupdate":"","_lmt_disable":"","footnotes":""},"yoast_head":"<!-- This site is optimized with the Yoast SEO plugin v23.5 - https:\/\/yoast.com\/wordpress\/plugins\/seo\/ -->\r\n<title>Comprar Ahora - Photorenova<\/title>\r\n<meta name=\"robots\" content=\"index, follow, max-snippet:-1, max-image-preview:large, max-video-preview:-1\" \/>\r\n<link rel=\"canonical\" href=\"https:\/\/photorenova.com\/site\/comprar-ahora\/\" \/>\r\n<meta property=\"og:locale\" content=\"en_US\" \/>\r\n<meta property=\"og:type\" content=\"article\" \/>\r\n<meta property=\"og:title\" content=\"Comprar Ahora - Photorenova\" \/>\r\n<meta property=\"og:description\" content=\"Si tienes dudas de c\u00f3mo utilizar un scanner \u00a0para subir tus fotos por favor haz\u00a0click aqui Si todav\u00eda no has completado la solicitud de presupuesto, por favor haz\u00a0click aqui Por favor detalla cu\u00e1les son las modificaciones que deseas, con gusto te asesoramos con algunas ideas Te enviamos un presupuesto por correo electr\u00f3nico, sin compromiso Responde [&hellip;]\" \/>\r\n<meta property=\"og:url\" content=\"https:\/\/photorenova.com\/site\/comprar-ahora\/\" \/>\r\n<meta property=\"og:site_name\" content=\"Photorenova\" \/>\r\n<meta property=\"article:modified_time\" content=\"2021-05-14T16:46:39+00:00\" \/>\r\n<meta name=\"twitter:card\" content=\"summary_large_image\" \/>\r\n<meta name=\"twitter:label1\" content=\"Est. reading time\" \/>\n\t<meta name=\"twitter:data1\" content=\"5 minutes\" \/>\r\n<script type=\"application\/ld+json\" class=\"yoast-schema-graph\">{\"@context\":\"https:\/\/schema.org\",\"@graph\":[{\"@type\":\"WebPage\",\"@id\":\"https:\/\/photorenova.com\/site\/comprar-ahora\/\",\"url\":\"https:\/\/photorenova.com\/site\/comprar-ahora\/\",\"name\":\"Comprar Ahora - Photorenova\",\"isPartOf\":{\"@id\":\"https:\/\/photorenova.com\/site\/#website\"},\"datePublished\":\"2017-03-18T17:29:19+00:00\",\"dateModified\":\"2021-05-14T16:46:39+00:00\",\"breadcrumb\":{\"@id\":\"https:\/\/photorenova.com\/site\/comprar-ahora\/#breadcrumb\"},\"inLanguage\":\"en-US\",\"potentialAction\":[{\"@type\":\"ReadAction\",\"target\":[\"https:\/\/photorenova.com\/site\/comprar-ahora\/\"]}]},{\"@type\":\"BreadcrumbList\",\"@id\":\"https:\/\/photorenova.com\/site\/comprar-ahora\/#breadcrumb\",\"itemListElement\":[{\"@type\":\"ListItem\",\"position\":1,\"name\":\"Home\",\"item\":\"https:\/\/photorenova.com\/site\/landing-page-home\/\"},{\"@type\":\"ListItem\",\"position\":2,\"name\":\"Comprar Ahora\"}]},{\"@type\":\"WebSite\",\"@id\":\"https:\/\/photorenova.com\/site\/#website\",\"url\":\"https:\/\/photorenova.com\/site\/\",\"name\":\"Photorenova\",\"description\":\"Your best photo editing service\",\"potentialAction\":[{\"@type\":\"SearchAction\",\"target\":{\"@type\":\"EntryPoint\",\"urlTemplate\":\"https:\/\/photorenova.com\/site\/?s={search_term_string}\"},\"query-input\":{\"@type\":\"PropertyValueSpecification\",\"valueRequired\":true,\"valueName\":\"search_term_string\"}}],\"inLanguage\":\"en-US\"}]}<\/script>\r\n<!-- \/ Yoast SEO plugin. -->","yoast_head_json":{"title":"Comprar Ahora - Photorenova","robots":{"index":"index","follow":"follow","max-snippet":"max-snippet:-1","max-image-preview":"max-image-preview:large","max-video-preview":"max-video-preview:-1"},"canonical":"https:\/\/photorenova.com\/site\/comprar-ahora\/","og_locale":"en_US","og_type":"article","og_title":"Comprar Ahora - Photorenova","og_description":"Si tienes dudas de c\u00f3mo utilizar un scanner \u00a0para subir tus fotos por favor haz\u00a0click aqui Si todav\u00eda no has completado la solicitud de presupuesto, por favor haz\u00a0click aqui Por favor detalla cu\u00e1les son las modificaciones que deseas, con gusto te asesoramos con algunas ideas Te enviamos un presupuesto por correo electr\u00f3nico, sin compromiso Responde [&hellip;]","og_url":"https:\/\/photorenova.com\/site\/comprar-ahora\/","og_site_name":"Photorenova","article_modified_time":"2021-05-14T16:46:39+00:00","twitter_card":"summary_large_image","twitter_misc":{"Est. reading time":"5 minutes"},"schema":{"@context":"https:\/\/schema.org","@graph":[{"@type":"WebPage","@id":"https:\/\/photorenova.com\/site\/comprar-ahora\/","url":"https:\/\/photorenova.com\/site\/comprar-ahora\/","name":"Comprar Ahora - Photorenova","isPartOf":{"@id":"https:\/\/photorenova.com\/site\/#website"},"datePublished":"2017-03-18T17:29:19+00:00","dateModified":"2021-05-14T16:46:39+00:00","breadcrumb":{"@id":"https:\/\/photorenova.com\/site\/comprar-ahora\/#breadcrumb"},"inLanguage":"en-US","potentialAction":[{"@type":"ReadAction","target":["https:\/\/photorenova.com\/site\/comprar-ahora\/"]}]},{"@type":"BreadcrumbList","@id":"https:\/\/photorenova.com\/site\/comprar-ahora\/#breadcrumb","itemListElement":[{"@type":"ListItem","position":1,"name":"Home","item":"https:\/\/photorenova.com\/site\/landing-page-home\/"},{"@type":"ListItem","position":2,"name":"Comprar Ahora"}]},{"@type":"WebSite","@id":"https:\/\/photorenova.com\/site\/#website","url":"https:\/\/photorenova.com\/site\/","name":"Photorenova","description":"Your best photo editing service","potentialAction":[{"@type":"SearchAction","target":{"@type":"EntryPoint","urlTemplate":"https:\/\/photorenova.com\/site\/?s={search_term_string}"},"query-input":{"@type":"PropertyValueSpecification","valueRequired":true,"valueName":"search_term_string"}}],"inLanguage":"en-US"}]}},"_links":{"self":[{"href":"https:\/\/photorenova.com\/site\/wp-json\/wp\/v2\/pages\/56"}],"collection":[{"href":"https:\/\/photorenova.com\/site\/wp-json\/wp\/v2\/pages"}],"about":[{"href":"https:\/\/photorenova.com\/site\/wp-json\/wp\/v2\/types\/page"}],"author":[{"embeddable":true,"href":"https:\/\/photorenova.com\/site\/wp-json\/wp\/v2\/users\/1"}],"replies":[{"embeddable":true,"href":"https:\/\/photorenova.com\/site\/wp-json\/wp\/v2\/comments?post=56"}],"version-history":[{"count":1,"href":"https:\/\/photorenova.com\/site\/wp-json\/wp\/v2\/pages\/56\/revisions"}],"predecessor-version":[{"id":1204,"href":"https:\/\/photorenova.com\/site\/wp-json\/wp\/v2\/pages\/56\/revisions\/1204"}],"wp:attachment":[{"href":"https:\/\/photorenova.com\/site\/wp-json\/wp\/v2\/media?parent=56"}],"curies":[{"name":"wp","href":"https:\/\/api.w.org\/{rel}","templated":true}]}}