{"id":58,"date":"2017-03-18T13:31:44","date_gmt":"2017-03-18T13:31:44","guid":{"rendered":"http:\/\/photorenova.com\/site\/?page_id=58"},"modified":"2017-07-01T18:26:05","modified_gmt":"2017-07-01T22:26:05","slug":"preguntas","status":"publish","type":"page","link":"https:\/\/photorenova.com\/site\/preguntas\/","title":{"rendered":"Preguntas"},"content":{"rendered":"<p>[et_pb_section bb_built=&#8221;1&#8243; admin_label=&#8221;Section&#8221; fullwidth=&#8221;on&#8221; specialty=&#8221;off&#8221;][et_pb_fullwidth_header admin_label=&#8221;Fullwidth Header&#8221; title=&#8221;Preguntas&#8221; background_layout=&#8221;dark&#8221; text_orientation=&#8221;left&#8221; header_fullscreen=&#8221;off&#8221; header_scroll_down=&#8221;off&#8221; background_url=&#8221;http:\/\/photorenova.com\/site\/wp-content\/uploads\/Vector-Wallpaper.jpg&#8221; parallax=&#8221;off&#8221; parallax_method=&#8221;off&#8221; content_orientation=&#8221;center&#8221; image_orientation=&#8221;center&#8221; custom_button_one=&#8221;off&#8221; button_one_letter_spacing=&#8221;0&#8243; button_one_use_icon=&#8221;default&#8221; button_one_icon_placement=&#8221;right&#8221; button_one_on_hover=&#8221;on&#8221; button_one_letter_spacing_hover=&#8221;0&#8243; custom_button_two=&#8221;off&#8221; button_two_letter_spacing=&#8221;0&#8243; button_two_use_icon=&#8221;default&#8221; button_two_icon_placement=&#8221;right&#8221; button_two_on_hover=&#8221;on&#8221; button_two_letter_spacing_hover=&#8221;0&#8243; background_overlay_color=&#8221;rgba(160,160,160,0)&#8221; subhead=&#8221;Todo lo que necesitas saber para obtener recuerdos fabulosos&#8221; \/][\/et_pb_section][et_pb_section bb_built=&#8221;1&#8243; admin_label=&#8221;section&#8221;][et_pb_row admin_label=&#8221;row&#8221;][et_pb_column type=&#8221;4_4&#8243;][et_pb_accordion admin_label=&#8221;Accordion&#8221; use_border_color=&#8221;off&#8221; border_color=&#8221;#ffffff&#8221; border_style=&#8221;solid&#8221;] [et_pb_accordion_item title=&#8221;\u00bfC\u00f3mo env\u00edo mis fotos?&#8221;]<\/p>\n<p>S\u00f3lo recibimos fotograf\u00edas digitales, si no dispones de un scanner, solicita \u00a0el servicio en una tienda fotogr\u00e1fica o de fotocopiado, es probable que requieras llevar un Pen Drive o un CD para grabarlas. Por favor, aseg\u00farate \u00a0que lo hagan en una resoluci\u00f3n m\u00ednima de 300 DPI. Si \u00a0deseas ayuda para la digitalizar haz click. <strong><a title=\"Como Digitalizar\" href=\"http:\/\/photorenova.com\/site\/index.php\/como-digitalizar-una-foto\/\">Aqui<\/a><\/strong>.<\/p>\n<p>[\/et_pb_accordion_item][et_pb_accordion_item title=&#8221;\u00bfCu\u00e1nto cuesta intervenir una fotograf\u00eda?&#8221;]<\/p>\n<p>Cada intervenci\u00f3n es \u00fanica y personalizada por ello es necesario evaluar cada caso y conocer el alcance del trabajo. An\u00edmate a env\u00edar tu solicitud con las fotograf\u00edas, la cotizaci\u00f3n no tiene costo y no te compromete a nada. \u00a0Su validez es de 10 d\u00edas. Nuestras tarifas habituales para restauraciones y \u00a0ediciones tienen una base m\u00ednima de 12 USD$.<\/p>\n<p>Aceptamos pagos en Bol\u00edvares con tarifas especiales, s\u00f3lo para residentes en Venezuela.<\/p>\n<p>[\/et_pb_accordion_item][et_pb_accordion_item title=&#8221;\u00bfOfrece alguna garant\u00eda sus servicios?&#8221;]<\/p>\n<p>Nuestro mayor inter\u00e9s es prestar un servicio de excelencia, enviamos una fotograf\u00eda preliminar en baja resoluci\u00f3n antes del pago para tu aprobaci\u00f3n. Recibir\u00e1s las fotograf\u00edas finales editadas en alta resoluci\u00f3n listas para realizar las copias impresas que desees. Si no te encuentras satisfecho con la prueba, podr\u00e1s solicitar cambios hasta en dos oportunidades, detallando tu inconformidad<\/p>\n<p>[\/et_pb_accordion_item][et_pb_accordion_item title=&#8221;\u00bfQu\u00e9 m\u00e9todos de pago acepta?&#8221;]<\/p>\n<p>Todos los trabajos se pagan en USA $ una vez aceptada la imagen de prueba, a trav\u00e9s de transferencia bancaria con Paypal. En el caso de Venezuela, mediante una transferencia en Bol\u00edvares a un Banco local<\/p>\n<p>[\/et_pb_accordion_item][et_pb_accordion_item title=&#8221;\u00bfCu\u00e1nto tiempo tarda en entregar un trabajo encargado?&#8221;]<\/p>\n<p>Usualmente entre 7 y 10 d\u00edas h\u00e1biles, seg\u00fan el grado de complejidad, una vez aceptada la cotizaci\u00f3n. Si surgen consultas o cambios a posteriori, estos tiempos pueden variar.<\/p>\n<p>[\/et_pb_accordion_item][et_pb_accordion_item title=&#8221;\u00bfPuede intervenir cualquier fotograf\u00eda?&#8221;]<\/p>\n<p>Si la imagen no tiene la resoluci\u00f3n suficiente, o se encuentra excesivamente deteriorada, fuera de foco o la solicitud no cubre las posibilidades de la imagen, rechazamos el trabajo. Nos reservamos el derecho de no aceptar trabajos que pueden causar da\u00f1o expl\u00edcito a terceras personas, \u00a0infrinjan derechos de autor, o de personas p\u00fablicas que no lo hayan autorizado, en todos los casos, quien solicit\u00f3 el trabajo, ser\u00e1 el \u00fanico responsable del uso que se d\u00e9 a las fotos editadas<\/p>\n<p>[\/et_pb_accordion_item] [\/et_pb_accordion][\/et_pb_column][\/et_pb_row][\/et_pb_section]<\/p>\n","protected":false},"excerpt":{"rendered":"<p>S\u00f3lo recibimos fotograf\u00edas digitales, si no dispones de un scanner, solicita \u00a0el servicio en una tienda fotogr\u00e1fica o de fotocopiado, es probable que requieras llevar un Pen Drive o un CD para grabarlas. Por favor, aseg\u00farate \u00a0que lo hagan en una resoluci\u00f3n m\u00ednima de 300 DPI. Si \u00a0deseas ayuda para la digitalizar haz click. Aqui. [&hellip;]<\/p>\n","protected":false},"author":1,"featured_media":0,"parent":0,"menu_order":0,"comment_status":"closed","ping_status":"closed","template":"","meta":{"_et_pb_use_builder":"on","_et_pb_old_content":"","_et_gb_content_width":"","_lmt_disableupdate":"","_lmt_disable":"","footnotes":""},"yoast_head":"<!-- This site is optimized with the Yoast SEO plugin v23.5 - https:\/\/yoast.com\/wordpress\/plugins\/seo\/ -->\r\n<title>Preguntas - Photorenova<\/title>\r\n<meta name=\"robots\" content=\"index, follow, max-snippet:-1, max-image-preview:large, max-video-preview:-1\" \/>\r\n<link rel=\"canonical\" href=\"https:\/\/photorenova.com\/site\/preguntas\/\" \/>\r\n<meta property=\"og:locale\" content=\"en_US\" \/>\r\n<meta property=\"og:type\" content=\"article\" \/>\r\n<meta property=\"og:title\" content=\"Preguntas - Photorenova\" \/>\r\n<meta property=\"og:description\" content=\"S\u00f3lo recibimos fotograf\u00edas digitales, si no dispones de un scanner, solicita \u00a0el servicio en una tienda fotogr\u00e1fica o de fotocopiado, es probable que requieras llevar un Pen Drive o un CD para grabarlas. Por favor, aseg\u00farate \u00a0que lo hagan en una resoluci\u00f3n m\u00ednima de 300 DPI. Si \u00a0deseas ayuda para la digitalizar haz click. Aqui. [&hellip;]\" \/>\r\n<meta property=\"og:url\" content=\"https:\/\/photorenova.com\/site\/preguntas\/\" \/>\r\n<meta property=\"og:site_name\" content=\"Photorenova\" \/>\r\n<meta property=\"article:modified_time\" content=\"2017-07-01T22:26:05+00:00\" \/>\r\n<meta name=\"twitter:card\" content=\"summary_large_image\" \/>\r\n<meta name=\"twitter:label1\" content=\"Est. reading time\" \/>\n\t<meta name=\"twitter:data1\" content=\"3 minutes\" \/>\r\n<script type=\"application\/ld+json\" class=\"yoast-schema-graph\">{\"@context\":\"https:\/\/schema.org\",\"@graph\":[{\"@type\":\"WebPage\",\"@id\":\"https:\/\/photorenova.com\/site\/preguntas\/\",\"url\":\"https:\/\/photorenova.com\/site\/preguntas\/\",\"name\":\"Preguntas - Photorenova\",\"isPartOf\":{\"@id\":\"https:\/\/photorenova.com\/site\/#website\"},\"datePublished\":\"2017-03-18T13:31:44+00:00\",\"dateModified\":\"2017-07-01T22:26:05+00:00\",\"breadcrumb\":{\"@id\":\"https:\/\/photorenova.com\/site\/preguntas\/#breadcrumb\"},\"inLanguage\":\"en-US\",\"potentialAction\":[{\"@type\":\"ReadAction\",\"target\":[\"https:\/\/photorenova.com\/site\/preguntas\/\"]}]},{\"@type\":\"BreadcrumbList\",\"@id\":\"https:\/\/photorenova.com\/site\/preguntas\/#breadcrumb\",\"itemListElement\":[{\"@type\":\"ListItem\",\"position\":1,\"name\":\"Home\",\"item\":\"https:\/\/photorenova.com\/site\/landing-page-home\/\"},{\"@type\":\"ListItem\",\"position\":2,\"name\":\"Preguntas\"}]},{\"@type\":\"WebSite\",\"@id\":\"https:\/\/photorenova.com\/site\/#website\",\"url\":\"https:\/\/photorenova.com\/site\/\",\"name\":\"Photorenova\",\"description\":\"Your best photo editing service\",\"potentialAction\":[{\"@type\":\"SearchAction\",\"target\":{\"@type\":\"EntryPoint\",\"urlTemplate\":\"https:\/\/photorenova.com\/site\/?s={search_term_string}\"},\"query-input\":{\"@type\":\"PropertyValueSpecification\",\"valueRequired\":true,\"valueName\":\"search_term_string\"}}],\"inLanguage\":\"en-US\"}]}<\/script>\r\n<!-- \/ Yoast SEO plugin. -->","yoast_head_json":{"title":"Preguntas - Photorenova","robots":{"index":"index","follow":"follow","max-snippet":"max-snippet:-1","max-image-preview":"max-image-preview:large","max-video-preview":"max-video-preview:-1"},"canonical":"https:\/\/photorenova.com\/site\/preguntas\/","og_locale":"en_US","og_type":"article","og_title":"Preguntas - Photorenova","og_description":"S\u00f3lo recibimos fotograf\u00edas digitales, si no dispones de un scanner, solicita \u00a0el servicio en una tienda fotogr\u00e1fica o de fotocopiado, es probable que requieras llevar un Pen Drive o un CD para grabarlas. Por favor, aseg\u00farate \u00a0que lo hagan en una resoluci\u00f3n m\u00ednima de 300 DPI. Si \u00a0deseas ayuda para la digitalizar haz click. Aqui. [&hellip;]","og_url":"https:\/\/photorenova.com\/site\/preguntas\/","og_site_name":"Photorenova","article_modified_time":"2017-07-01T22:26:05+00:00","twitter_card":"summary_large_image","twitter_misc":{"Est. reading time":"3 minutes"},"schema":{"@context":"https:\/\/schema.org","@graph":[{"@type":"WebPage","@id":"https:\/\/photorenova.com\/site\/preguntas\/","url":"https:\/\/photorenova.com\/site\/preguntas\/","name":"Preguntas - Photorenova","isPartOf":{"@id":"https:\/\/photorenova.com\/site\/#website"},"datePublished":"2017-03-18T13:31:44+00:00","dateModified":"2017-07-01T22:26:05+00:00","breadcrumb":{"@id":"https:\/\/photorenova.com\/site\/preguntas\/#breadcrumb"},"inLanguage":"en-US","potentialAction":[{"@type":"ReadAction","target":["https:\/\/photorenova.com\/site\/preguntas\/"]}]},{"@type":"BreadcrumbList","@id":"https:\/\/photorenova.com\/site\/preguntas\/#breadcrumb","itemListElement":[{"@type":"ListItem","position":1,"name":"Home","item":"https:\/\/photorenova.com\/site\/landing-page-home\/"},{"@type":"ListItem","position":2,"name":"Preguntas"}]},{"@type":"WebSite","@id":"https:\/\/photorenova.com\/site\/#website","url":"https:\/\/photorenova.com\/site\/","name":"Photorenova","description":"Your best photo editing service","potentialAction":[{"@type":"SearchAction","target":{"@type":"EntryPoint","urlTemplate":"https:\/\/photorenova.com\/site\/?s={search_term_string}"},"query-input":{"@type":"PropertyValueSpecification","valueRequired":true,"valueName":"search_term_string"}}],"inLanguage":"en-US"}]}},"_links":{"self":[{"href":"https:\/\/photorenova.com\/site\/wp-json\/wp\/v2\/pages\/58"}],"collection":[{"href":"https:\/\/photorenova.com\/site\/wp-json\/wp\/v2\/pages"}],"about":[{"href":"https:\/\/photorenova.com\/site\/wp-json\/wp\/v2\/types\/page"}],"author":[{"embeddable":true,"href":"https:\/\/photorenova.com\/site\/wp-json\/wp\/v2\/users\/1"}],"replies":[{"embeddable":true,"href":"https:\/\/photorenova.com\/site\/wp-json\/wp\/v2\/comments?post=58"}],"version-history":[{"count":0,"href":"https:\/\/photorenova.com\/site\/wp-json\/wp\/v2\/pages\/58\/revisions"}],"wp:attachment":[{"href":"https:\/\/photorenova.com\/site\/wp-json\/wp\/v2\/media?parent=58"}],"curies":[{"name":"wp","href":"https:\/\/api.w.org\/{rel}","templated":true}]}}