{"id":76,"date":"2017-03-18T10:49:16","date_gmt":"2017-03-18T14:49:16","guid":{"rendered":"http:\/\/photorenova.com\/site\/?page_id=76"},"modified":"2021-03-23T14:49:46","modified_gmt":"2021-03-23T18:49:46","slug":"nosotros","status":"publish","type":"page","link":"https:\/\/photorenova.com\/site\/nosotros\/","title":{"rendered":"Nosotros"},"content":{"rendered":"\n[et_pb_section bb_built=&#8221;1&#8243; admin_label=&#8221;Section&#8221; fullwidth=&#8221;on&#8221; specialty=&#8221;off&#8221;][et_pb_fullwidth_header admin_label=&#8221;Fullwidth Header&#8221; title=&#8221;Nosotros&#8221; background_layout=&#8221;dark&#8221; text_orientation=&#8221;left&#8221; header_fullscreen=&#8221;off&#8221; header_scroll_down=&#8221;off&#8221; background_url=&#8221;http:\/\/photorenova.com\/site\/wp-content\/uploads\/525-4.jpg&#8221; parallax=&#8221;off&#8221; parallax_method=&#8221;off&#8221; content_orientation=&#8221;center&#8221; image_orientation=&#8221;center&#8221; custom_button_one=&#8221;off&#8221; button_one_letter_spacing=&#8221;0&#8243; button_one_use_icon=&#8221;default&#8221; button_one_icon_placement=&#8221;right&#8221; button_one_on_hover=&#8221;on&#8221; button_one_letter_spacing_hover=&#8221;0&#8243; custom_button_two=&#8221;off&#8221; button_two_letter_spacing=&#8221;0&#8243; button_two_use_icon=&#8221;default&#8221; button_two_icon_placement=&#8221;right&#8221; button_two_on_hover=&#8221;on&#8221; button_two_letter_spacing_hover=&#8221;0&#8243; \/][\/et_pb_section][et_pb_section bb_built=&#8221;1&#8243; admin_label=&#8221;section&#8221;][et_pb_row admin_label=&#8221;row&#8221;][et_pb_column type=&#8221;1_2&#8243;][et_pb_blurb admin_label=&#8221;Blurb&#8221; title=&#8221;Presentaci\u00f3n&#8221; url_new_window=&#8221;off&#8221; use_icon=&#8221;on&#8221; icon_color=&#8221;#b81c67&#8243; use_circle=&#8221;off&#8221; circle_color=&#8221;#c11946&#8243; use_circle_border=&#8221;off&#8221; circle_border_color=&#8221;#c11946&#8243; icon_placement=&#8221;left&#8221; animation=&#8221;top&#8221; background_layout=&#8221;light&#8221; text_orientation=&#8221;left&#8221; use_icon_font_size=&#8221;off&#8221; use_border_color=&#8221;off&#8221; border_color=&#8221;#ffffff&#8221; border_style=&#8221;solid&#8221; font_icon=&#8221;%%32%%&#8221;]\r\n\r\nEn Photorenova queremos ofrecerte la edici\u00f3n profesional de \u00a0tus fotos \u00a0y crear la imagen que siempre quisiste \u00bfla \u00a0foto de bodas con la Tour Eiffel de fondo? \u00bfTu hijo y tu nieto juntos, a la misma edad \u00a0jugando en el parque? Hacerte lucir m\u00e1s atractiva en una foto?\u2026podemos hacerlo! Tienes fotos que adoras, que se est\u00e1n desvaneciendo, o cambiando de color, con manchas o roturas? Nos encantar\u00eda ayudarte a rescatar esos recuerdos valiosos y que tengas la oportunidad de conservarlos por mucho m\u00e1s tiempo. Por favor recorra nuestra Galer\u00eda donde podr\u00e1s ver el antes y despu\u00e9s de algunos de nuestros trabajos\r\n\r\n[\/et_pb_blurb][et_pb_blurb admin_label=&#8221;Blurb&#8221; title=&#8221;Ventajas del retoque o intervenci\u00f3n digital&#8221; url_new_window=&#8221;off&#8221; use_icon=&#8221;on&#8221; icon_color=&#8221;#b81c67&#8243; use_circle=&#8221;off&#8221; circle_color=&#8221;#c11946&#8243; use_circle_border=&#8221;off&#8221; circle_border_color=&#8221;#c11946&#8243; icon_placement=&#8221;left&#8221; animation=&#8221;top&#8221; background_layout=&#8221;light&#8221; text_orientation=&#8221;left&#8221; use_icon_font_size=&#8221;off&#8221; use_border_color=&#8221;off&#8221; border_color=&#8221;#ffffff&#8221; border_style=&#8221;solid&#8221; font_icon=&#8221;%%108%%&#8221;]\r\n\r\nSon pr\u00e1cticamente ilimitadas, cualquier imagen es susceptible de ser transformada, y combinada creando nuevos escenarios para disfrutar y compartir.\r\n\r\n[\/et_pb_blurb][et_pb_blurb admin_label=&#8221;Blurb&#8221; title=&#8221;Ventajas de la restauraci\u00f3n digital&#8221; url_new_window=&#8221;off&#8221; use_icon=&#8221;on&#8221; icon_color=&#8221;#b81c67&#8243; use_circle=&#8221;off&#8221; circle_color=&#8221;#c11946&#8243; use_circle_border=&#8221;off&#8221; circle_border_color=&#8221;#c11946&#8243; icon_placement=&#8221;left&#8221; animation=&#8221;top&#8221; background_layout=&#8221;light&#8221; text_orientation=&#8221;left&#8221; use_icon_font_size=&#8221;off&#8221; use_border_color=&#8221;off&#8221; border_color=&#8221;#ffffff&#8221; border_style=&#8221;solid&#8221; font_icon=&#8221;%%49%%&#8221;]\r\n\r\nNo se interviene el original, y hay mejores posibilidades de devolver su apariencia inicial.\u00a0La fotograf\u00eda digital obtenida puede imprimirse cu\u00e1ntas veces se desee o enviarla a trav\u00e9s de la web a familiares, y amigos, compartirla en Facebook, Twitter, Instagram, y hasta en un portarretrato digital como regalo, en bodas, aniversarios o mudanzas. El archivo digital perdura m\u00e1s en el tiempo, y es un legado para su familia. De estar en una caja en el s\u00f3tano, pasar\u00e1 al alcance de un click en su computadora, o pendrive.\r\n\r\n[\/et_pb_blurb][\/et_pb_column][et_pb_column type=&#8221;1_2&#8243;][et_pb_team_member admin_label=&#8221;Person&#8221; name=&#8221;Anabella Garc\u00eda&#8221; position=&#8221;Director&#8221; image_url=&#8221;http:\/\/photorenova.com\/site\/wp-content\/uploads\/anabellagarcia-e1491279537584.jpg&#8221; animation=&#8221;fade_in&#8221; background_layout=&#8221;light&#8221; facebook_url=&#8221;https:\/\/www.facebook.com\/anabella.garcia.948&#8243; use_border_color=&#8221;on&#8221; border_color=&#8221;#b81c67&#8243; border_style=&#8221;dotted&#8221; background_color=&#8221;#efefef&#8221; custom_padding=&#8221;15px|15px|15px|15px&#8221;]\r\n\r\nApasionada de la fotograf\u00eda, arquitecto, con especializaci\u00f3n en mercadeo. Dedicada por varios a\u00f1os a la gerencia de una revista sobre dise\u00f1o interior y luego a promover la venta de mobiliario de dise\u00f1o, tuve la necesidad de editar im\u00e1genes para art\u00edculos, cat\u00e1logos, avisos y respectivas p\u00e1ginas web, lo cual me llev\u00f3 a aprender sobre retoque y manipulaci\u00f3n fotogr\u00e1fica a trav\u00e9s de cursos profesionales de Photoshop. Posteriormente fui atra\u00edda por la restauraci\u00f3n, en el inter\u00e9s de rescatar los \u00e1lbumes familiares. Poco a poco, la actividad se extendi\u00f3 a amigos y conocidos. Igualmente descubr\u00ed un mundo de oportunidades creativas ensamblando collages. Me gusta combinar fotograf\u00edas y producir im\u00e1genes totalmente diferentes. Con PHOTORENOVA espero ofrecer mis servicios a m\u00e1s personas deseosas de conservar sus fotos y crear nuevos recuerdos.\r\n\r\n[\/et_pb_team_member][et_pb_social_media_follow admin_label=&#8221;Social Media Follow&#8221; link_shape=&#8221;rounded_rectangle&#8221; background_layout=&#8221;light&#8221; url_new_window=&#8221;off&#8221; follow_button=&#8221;on&#8221;] [et_pb_social_media_follow_network social_network=&#8221;instagram&#8221; url=&#8221;https:\/\/www.instagram.com\/photorenova\/&#8221; skype_action=&#8221;call&#8221; bg_color=&#8221;#517fa4&#8243;]\r\n\r\nInstagram\r\n\r\n[\/et_pb_social_media_follow_network][et_pb_social_media_follow_network social_network=&#8221;twitter&#8221; url=&#8221;https:\/\/twitter.com\/photorenova&#8221; skype_action=&#8221;call&#8221; bg_color=&#8221;#00aced&#8221;]\r\n\r\nTwitter\r\n\r\n[\/et_pb_social_media_follow_network][et_pb_social_media_follow_network social_network=&#8221;facebook&#8221; url=&#8221;https:\/\/www.facebook.com\/pages\/Photorenova\/707974885942846?fref=ts&#8221; skype_action=&#8221;call&#8221; bg_color=&#8221;#3b5998&#8243;]\r\n\r\nFacebook\r\n\r\n[\/et_pb_social_media_follow_network] [\/et_pb_social_media_follow][\/et_pb_column][\/et_pb_row][et_pb_row admin_label=&#8221;Row&#8221;][et_pb_column type=&#8221;4_4&#8243;][et_pb_testimonial admin_label=&#8221;Testimonial&#8221; author=&#8221;Anabella Garc\u00eda&#8221; job_title=&#8221;Director&#8221; url_new_window=&#8221;off&#8221; portrait_url=&#8221;http:\/\/photorenova.com\/site\/wp-content\/uploads\/anabellagarcia-e1491279537584.jpg&#8221; quote_icon=&#8221;on&#8221; use_background_color=&#8221;on&#8221; background_color=&#8221;#f2f2f2&#8243; background_layout=&#8221;light&#8221; text_orientation=&#8221;left&#8221; use_border_color=&#8221;off&#8221; border_color=&#8221;#ffffff&#8221; border_style=&#8221;solid&#8221; disabled=&#8221;on&#8221; disabled_on=&#8221;on|on|on&#8221;]\r\n\r\nApasionada de la fotograf\u00eda, arquitecto, con especializaci\u00f3n en mercadeo. Dedicada por varios a\u00f1os a la gerencia de una revista sobre dise\u00f1o interior y luego a promover la venta de mobiliario de dise\u00f1o, tuve la necesidad de editar im\u00e1genes para art\u00edculos, cat\u00e1logos, avisos y respectivas p\u00e1ginas web, lo cual me llev\u00f3 a aprender sobre retoque y manipulaci\u00f3n fotogr\u00e1fica a trav\u00e9s de cursos profesionales de Photoshop. Posteriormente fui atra\u00edda por la restauraci\u00f3n, en el inter\u00e9s de rescatar los \u00e1lbumes familiares. Poco a poco, la actividad se extendi\u00f3 a amigos y conocidos. Igualmente descubr\u00ed un mundo de oportunidades creativas ensamblando collages. Me gusta combinar fotograf\u00edas y producir im\u00e1genes totalmente diferentes. Con PHOTORENOVA espero ofrecer mis servicios a m\u00e1s personas deseosas de conservar sus fotos y crear nuevos recuerdos.\r\n\r\n[\/et_pb_testimonial][\/et_pb_column][\/et_pb_row][\/et_pb_section]\n","protected":false},"excerpt":{"rendered":"<p>En Photorenova queremos ofrecerte la edici\u00f3n profesional de \u00a0tus fotos \u00a0y crear la imagen que siempre quisiste \u00bfla \u00a0foto de bodas con la Tour Eiffel de fondo? \u00bfTu hijo y tu nieto juntos, a la misma edad \u00a0jugando en el parque? Hacerte lucir m\u00e1s atractiva en una foto?\u2026podemos hacerlo! Tienes fotos que adoras, que se [&hellip;]<\/p>\n","protected":false},"author":1,"featured_media":0,"parent":0,"menu_order":0,"comment_status":"closed","ping_status":"closed","template":"","meta":{"_et_pb_use_builder":"on","_et_pb_old_content":"","_et_gb_content_width":"","_lmt_disableupdate":"","_lmt_disable":"","footnotes":""},"yoast_head":"<!-- This site is optimized with the Yoast SEO plugin v23.5 - https:\/\/yoast.com\/wordpress\/plugins\/seo\/ -->\r\n<title>Nosotros - Photorenova<\/title>\r\n<meta name=\"robots\" content=\"index, follow, max-snippet:-1, max-image-preview:large, max-video-preview:-1\" \/>\r\n<link rel=\"canonical\" href=\"https:\/\/photorenova.com\/site\/nosotros\/\" \/>\r\n<meta property=\"og:locale\" content=\"en_US\" \/>\r\n<meta property=\"og:type\" content=\"article\" \/>\r\n<meta property=\"og:title\" content=\"Nosotros - Photorenova\" \/>\r\n<meta property=\"og:description\" content=\"En Photorenova queremos ofrecerte la edici\u00f3n profesional de \u00a0tus fotos \u00a0y crear la imagen que siempre quisiste \u00bfla \u00a0foto de bodas con la Tour Eiffel de fondo? \u00bfTu hijo y tu nieto juntos, a la misma edad \u00a0jugando en el parque? Hacerte lucir m\u00e1s atractiva en una foto?\u2026podemos hacerlo! Tienes fotos que adoras, que se [&hellip;]\" \/>\r\n<meta property=\"og:url\" content=\"https:\/\/photorenova.com\/site\/nosotros\/\" \/>\r\n<meta property=\"og:site_name\" content=\"Photorenova\" \/>\r\n<meta property=\"article:modified_time\" content=\"2021-03-23T18:49:46+00:00\" \/>\r\n<meta name=\"twitter:card\" content=\"summary_large_image\" \/>\r\n<meta name=\"twitter:label1\" content=\"Est. reading time\" \/>\n\t<meta name=\"twitter:data1\" content=\"3 minutes\" \/>\r\n<script type=\"application\/ld+json\" class=\"yoast-schema-graph\">{\"@context\":\"https:\/\/schema.org\",\"@graph\":[{\"@type\":\"WebPage\",\"@id\":\"https:\/\/photorenova.com\/site\/nosotros\/\",\"url\":\"https:\/\/photorenova.com\/site\/nosotros\/\",\"name\":\"Nosotros - Photorenova\",\"isPartOf\":{\"@id\":\"https:\/\/photorenova.com\/site\/#website\"},\"datePublished\":\"2017-03-18T14:49:16+00:00\",\"dateModified\":\"2021-03-23T18:49:46+00:00\",\"breadcrumb\":{\"@id\":\"https:\/\/photorenova.com\/site\/nosotros\/#breadcrumb\"},\"inLanguage\":\"en-US\",\"potentialAction\":[{\"@type\":\"ReadAction\",\"target\":[\"https:\/\/photorenova.com\/site\/nosotros\/\"]}]},{\"@type\":\"BreadcrumbList\",\"@id\":\"https:\/\/photorenova.com\/site\/nosotros\/#breadcrumb\",\"itemListElement\":[{\"@type\":\"ListItem\",\"position\":1,\"name\":\"Home\",\"item\":\"https:\/\/photorenova.com\/site\/landing-page-home\/\"},{\"@type\":\"ListItem\",\"position\":2,\"name\":\"Nosotros\"}]},{\"@type\":\"WebSite\",\"@id\":\"https:\/\/photorenova.com\/site\/#website\",\"url\":\"https:\/\/photorenova.com\/site\/\",\"name\":\"Photorenova\",\"description\":\"Your best photo editing service\",\"potentialAction\":[{\"@type\":\"SearchAction\",\"target\":{\"@type\":\"EntryPoint\",\"urlTemplate\":\"https:\/\/photorenova.com\/site\/?s={search_term_string}\"},\"query-input\":{\"@type\":\"PropertyValueSpecification\",\"valueRequired\":true,\"valueName\":\"search_term_string\"}}],\"inLanguage\":\"en-US\"}]}<\/script>\r\n<!-- \/ Yoast SEO plugin. -->","yoast_head_json":{"title":"Nosotros - Photorenova","robots":{"index":"index","follow":"follow","max-snippet":"max-snippet:-1","max-image-preview":"max-image-preview:large","max-video-preview":"max-video-preview:-1"},"canonical":"https:\/\/photorenova.com\/site\/nosotros\/","og_locale":"en_US","og_type":"article","og_title":"Nosotros - Photorenova","og_description":"En Photorenova queremos ofrecerte la edici\u00f3n profesional de \u00a0tus fotos \u00a0y crear la imagen que siempre quisiste \u00bfla \u00a0foto de bodas con la Tour Eiffel de fondo? \u00bfTu hijo y tu nieto juntos, a la misma edad \u00a0jugando en el parque? Hacerte lucir m\u00e1s atractiva en una foto?\u2026podemos hacerlo! Tienes fotos que adoras, que se [&hellip;]","og_url":"https:\/\/photorenova.com\/site\/nosotros\/","og_site_name":"Photorenova","article_modified_time":"2021-03-23T18:49:46+00:00","twitter_card":"summary_large_image","twitter_misc":{"Est. reading time":"3 minutes"},"schema":{"@context":"https:\/\/schema.org","@graph":[{"@type":"WebPage","@id":"https:\/\/photorenova.com\/site\/nosotros\/","url":"https:\/\/photorenova.com\/site\/nosotros\/","name":"Nosotros - Photorenova","isPartOf":{"@id":"https:\/\/photorenova.com\/site\/#website"},"datePublished":"2017-03-18T14:49:16+00:00","dateModified":"2021-03-23T18:49:46+00:00","breadcrumb":{"@id":"https:\/\/photorenova.com\/site\/nosotros\/#breadcrumb"},"inLanguage":"en-US","potentialAction":[{"@type":"ReadAction","target":["https:\/\/photorenova.com\/site\/nosotros\/"]}]},{"@type":"BreadcrumbList","@id":"https:\/\/photorenova.com\/site\/nosotros\/#breadcrumb","itemListElement":[{"@type":"ListItem","position":1,"name":"Home","item":"https:\/\/photorenova.com\/site\/landing-page-home\/"},{"@type":"ListItem","position":2,"name":"Nosotros"}]},{"@type":"WebSite","@id":"https:\/\/photorenova.com\/site\/#website","url":"https:\/\/photorenova.com\/site\/","name":"Photorenova","description":"Your best photo editing service","potentialAction":[{"@type":"SearchAction","target":{"@type":"EntryPoint","urlTemplate":"https:\/\/photorenova.com\/site\/?s={search_term_string}"},"query-input":{"@type":"PropertyValueSpecification","valueRequired":true,"valueName":"search_term_string"}}],"inLanguage":"en-US"}]}},"_links":{"self":[{"href":"https:\/\/photorenova.com\/site\/wp-json\/wp\/v2\/pages\/76"}],"collection":[{"href":"https:\/\/photorenova.com\/site\/wp-json\/wp\/v2\/pages"}],"about":[{"href":"https:\/\/photorenova.com\/site\/wp-json\/wp\/v2\/types\/page"}],"author":[{"embeddable":true,"href":"https:\/\/photorenova.com\/site\/wp-json\/wp\/v2\/users\/1"}],"replies":[{"embeddable":true,"href":"https:\/\/photorenova.com\/site\/wp-json\/wp\/v2\/comments?post=76"}],"version-history":[{"count":0,"href":"https:\/\/photorenova.com\/site\/wp-json\/wp\/v2\/pages\/76\/revisions"}],"wp:attachment":[{"href":"https:\/\/photorenova.com\/site\/wp-json\/wp\/v2\/media?parent=76"}],"curies":[{"name":"wp","href":"https:\/\/api.w.org\/{rel}","templated":true}]}}